{"id":544,"date":"2023-09-19T14:02:26","date_gmt":"2023-09-19T14:02:26","guid":{"rendered":"https:\/\/abracor.localisy.dev\/conditions-generales\/"},"modified":"2025-06-27T09:18:22","modified_gmt":"2025-06-27T09:18:22","slug":"condiciones-generales","status":"publish","type":"page","link":"https:\/\/abracor.be\/es\/condiciones-generales\/","title":{"rendered":"Condiciones generales"},"content":{"rendered":"<p>1 &#8211; <strong>Presupuestos<\/strong><br \/>\nTodos nuestros presupuestos son actuales y vinculantes para nosotros s\u00f3lo dentro de los estrictos l\u00edmites<br \/>\nde nuestras condiciones especiales.<br \/>\nLos cambios en los salarios, las cargas, el coste de las materias primas,<br \/>\nel transporte, los precios, los derechos de importaci\u00f3n, los seguros que, desde la fecha del presupuesto<br \/>\nhasta el final de la ejecuci\u00f3n del contrato, influyan en uno de los factores de<br \/>\nnuestro precio de coste dar\u00e1n lugar a una revisi\u00f3n <strong>de los<\/strong> precios fijados.<br \/>\n2. Pedidos Los plazos de entrega se indican a t\u00edtulo informativo y no son vinculantes.<br \/>\n&#8211; <strong>Pedidos<\/strong><br \/>\nLos plazos de entrega se dan a t\u00edtulo indicativo y no son vinculantes. En ning\u00fan caso podr\u00e1n invocarse para obtener<br \/>\nindemnizaci\u00f3n alguna o para rescindir el contrato de compra.<br \/>\nEn ausencia de una cl\u00e1usula en contrario, cualquier retraso no puede dar lugar a da\u00f1os y perjuicios ni a intereses<br \/>\n, ni puede justificar que el cliente conceda a<br \/>\nel derecho a emprender acciones legales en otro lugar en nuestro nombre.<br \/>\nEn caso de anulaci\u00f3n del pedido, el cliente se compromete a pagarnos<br \/>\nuna indemnizaci\u00f3n fija irreducible del 30% en representaci\u00f3n del<br \/>\nperjuicio causado a nuestra empresa, por la preparaci\u00f3n de la oferta y<br \/>\nel incumplimiento del contrato<br \/>\n3. &#8211; <strong> Conocimientos de embarque y facturas<\/strong><br \/>\nLos datos que figuren en los documentos de transporte, tales como conocimientos de embarque,<br \/>\nlistas de empaque, recibos, etc., ser\u00e1n vinculantes en caso de litigio, consider\u00e1ndose que el comprador<br \/>\nha estado presente en la descarga y los ha comprobado.<br \/>\nTodas las facturas deben comprobarse en un plazo de diez d\u00edas a partir de la entrega.<br \/>\nTranscurrido este plazo sin reclamaci\u00f3n, la factura se considera definitivamente<br \/>\naceptada de pleno derecho y ya no puede ser impugnada.<br \/>\nEsta cl\u00e1usula se considera esencial entre las partes contratantes.<br \/>\nNuestras facturas son pagaderas al contado, salvo que se acuerde lo contrario por escrito.<br \/>\n4.  &#8211; <strong> Aprobaci\u00f3n<\/strong><br \/>\nLos bienes ser\u00e1n aprobados cuando as\u00ed lo estipulen nuestras ofertas por un organismo especializado<br \/>\n, elegido de mutuo acuerdo por las partes, antes del<br \/>\ntransporte de los bienes y materiales o de la ausencia de cualquier cl\u00e1usula<br \/>\nen nuestras ofertas, dentro de las 24 horas siguientes a la entrega de los productos.<br \/>\nLas mercanc\u00edas viajan siempre por cuenta y riesgo del comprador, incluso<br \/>\nsi el suministro se realiza a portes pagados o con la designaci\u00f3n de cualquier lugar<br \/>\npara la entrega.<br \/>\n5.  &#8211; <strong> Pagos<\/strong><br \/>\nLas facturas son pagaderas en euros, a menos que se estipule lo contrario.<br \/>\nCualquier p\u00e9rdida de cambio resultante del retraso en el pago correr\u00e1 exclusivamente a cargo de<br \/>\n. Nuestras facturas son siempre pagaderas al contado, a menos que<br \/>\nestipule lo contrario en B\u00e9lgica, o mediante cr\u00e9dito documentario irrevocable confirmado<br \/>\npor un banco belga o un banco con buena reputaci\u00f3n en el mercado internacional.<br \/>\nNuestros giros son siempre aceptables para la creaci\u00f3n de letras de cambio.<br \/>\nLa falta de pago de una factura en la fecha de vencimiento conllevar\u00e1 autom\u00e1ticamente<br \/>\ny sin necesidad de previo aviso de impago por parte del cliente, intereses de demora<br \/>\ndel 12% anual desde la fecha de vencimiento de la factura hasta el pago \u00edntegro<br \/>\ny el cargo de un recargo a tanto alzado del 15% de las cantidades pendientes de pago, siendo<br \/>\nun m\u00ednimo de 125 euros.<br \/>\n6.  &#8211; <strong> Responsabilidades<\/strong><br \/>\nABRACOR llama la atenci\u00f3n de los clientes y usuarios sobre el fuerte ataque corrosivo<br \/>\nde algunos de sus productos, y en particular DERuSTIT, y su posible<br \/>\nnocividad para el medio ambiente circundante si el comprador no toma las medidas de protecci\u00f3n b\u00e1sicas e imprescindibles<br \/>\n.<br \/>\nNuestra empresa desea llamar la atenci\u00f3n del usuario sobre la necesidad de cumplir estrictamente<br \/>\nlos consejos de precauci\u00f3n y uso dados tanto por ABRACOR como por el fabricante de<br \/>\n.<br \/>\nEn cualquier caso, en ning\u00fan caso seremos responsables, m\u00e1s all\u00e1 de<br \/>\n, de la sustituci\u00f3n pura y simple de los productos que nos sean devueltos y que<br \/>\nconsidere defectuosos.<br \/>\nNuestra responsabilidad de sustituir las mercanc\u00edas infractoras se limita a un m\u00e1ximo de un a\u00f1o<br \/>\n.<br \/>\nLos folletos publicitarios de nuestra empresa s\u00f3lo contienen informaci\u00f3n indicativa<br \/>\nque puede modificarse sin previo aviso en el transcurso del mercado.<br \/>\n7.  &#8211; <strong> Obligaciones del cliente<\/strong><br \/>\nNos reservamos el derecho, incluso tras el cumplimiento parcial del contrato, de exigir<br \/>\nal comprador una garant\u00eda de cumplimiento,<br \/>\nso pena de rescisi\u00f3n del contrato.<br \/>\nTodos nuestros planos y notas de c\u00e1lculo siguen siendo de nuestra propiedad exclusiva.<br \/>\n8.  &#8211; Fuerza <strong> mayor<\/strong><br \/>\nTodos los casos de fuerza mayor eximen a nuestra empresa de cualquier responsabilidad<br \/>\ny nos dan derecho a cancelar todos los contratos.<br \/>\nSon casos de fuerza mayor todos los incluidos en el significado habitual de la palabra.<br \/>\n9.  &#8211; <strong> Jurisdicci\u00f3n<\/strong><br \/>\nTodos los litigios relativos a la ejecuci\u00f3n y comprensi\u00f3n de las presentes<br \/>\ncondiciones generales y a la ejecuci\u00f3n del contrato se someter\u00e1n a la jurisdicci\u00f3n exclusiva de los Tribunales de Comercio del Brabante Val\u00f3n,<\/p>\n<p> La facilidad para realizar un giro o la aceptaci\u00f3n del pago en otra ciudad no conlleva<br \/>\nni novaci\u00f3n ni derogaci\u00f3n de las presentes cl\u00e1usulas atributivas de jurisdicci\u00f3n.<br \/>\nLo mismo se aplicar\u00e1 en caso de reconvenci\u00f3n, garant\u00eda voluntaria o<br \/>\ngarant\u00eda forzosa o declaraci\u00f3n de sentencia conjunta.<br \/>\n10.  &#8211; <strong> Reserva de dominio<\/strong><br \/>\nHasta el pago \u00edntegro del precio de los productos pedidos y de sus accesorios<br \/>\n, incluido el pago de las indemnizaciones por demora, los productos siguen siendo<br \/>\npropiedad del Vendedor.<\/p>\n","protected":false},"excerpt":{"rendered":"<p>1 &#8211; Presupuestos Todos nuestros presupuestos son actuales y vinculantes para nosotros s\u00f3lo dentro de los estrictos l\u00edmites de nuestras condiciones especiales. Los cambios en los salarios, las cargas, el coste de las materias primas, el transporte, los precios, los derechos de importaci\u00f3n, los seguros que, desde la fecha del presupuesto hasta el final de [&hellip;]<\/p>\n","protected":false},"author":1,"featured_media":0,"parent":0,"menu_order":0,"comment_status":"closed","ping_status":"closed","template":"page-conditions-generales.php","meta":{"_acf_changed":false,"footnotes":""},"categories":[],"class_list":["post-544","page","type-page","status-publish","hentry"],"acf":[],"yoast_head":"<!-- This site is optimized with the Yoast SEO plugin v25.0 - https:\/\/yoast.com\/wordpress\/plugins\/seo\/ -->\n<title>Condiciones generales - Abracor<\/title>\n<meta name=\"robots\" content=\"index, follow, max-snippet:-1, max-image-preview:large, max-video-preview:-1\" \/>\n<link rel=\"canonical\" href=\"https:\/\/abracor.be\/es\/condiciones-generales\/\" \/>\n<meta property=\"og:locale\" content=\"es_ES\" \/>\n<meta property=\"og:type\" content=\"article\" \/>\n<meta property=\"og:title\" content=\"Condiciones generales - Abracor\" \/>\n<meta property=\"og:description\" content=\"1 &#8211; Presupuestos Todos nuestros presupuestos son actuales y vinculantes para nosotros s\u00f3lo dentro de los estrictos l\u00edmites de nuestras condiciones especiales. Los cambios en los salarios, las cargas, el coste de las materias primas, el transporte, los precios, los derechos de importaci\u00f3n, los seguros que, desde la fecha del presupuesto hasta el final de [&hellip;]\" \/>\n<meta property=\"og:url\" content=\"https:\/\/abracor.be\/es\/condiciones-generales\/\" \/>\n<meta property=\"og:site_name\" content=\"Abracor\" \/>\n<meta property=\"article:modified_time\" content=\"2025-06-27T09:18:22+00:00\" \/>\n<meta name=\"twitter:card\" content=\"summary_large_image\" \/>\n<meta name=\"twitter:label1\" content=\"Tiempo de lectura\" \/>\n\t<meta name=\"twitter:data1\" content=\"3 minuto\" \/>\n<script type=\"application\/ld+json\" class=\"yoast-schema-graph\">{\"@context\":\"https:\/\/schema.org\",\"@graph\":[{\"@type\":\"WebPage\",\"@id\":\"https:\/\/abracor.be\/es\/condiciones-generales\/\",\"url\":\"https:\/\/abracor.be\/es\/condiciones-generales\/\",\"name\":\"Condiciones generales - Abracor\",\"isPartOf\":{\"@id\":\"https:\/\/abracor.be\/#website\"},\"datePublished\":\"2023-09-19T14:02:26+00:00\",\"dateModified\":\"2025-06-27T09:18:22+00:00\",\"breadcrumb\":{\"@id\":\"https:\/\/abracor.be\/es\/condiciones-generales\/#breadcrumb\"},\"inLanguage\":\"es\",\"potentialAction\":[{\"@type\":\"ReadAction\",\"target\":[\"https:\/\/abracor.be\/es\/condiciones-generales\/\"]}]},{\"@type\":\"BreadcrumbList\",\"@id\":\"https:\/\/abracor.be\/es\/condiciones-generales\/#breadcrumb\",\"itemListElement\":[{\"@type\":\"ListItem\",\"position\":1,\"name\":\"Inicio\",\"item\":\"https:\/\/abracor.be\/es\/\"},{\"@type\":\"ListItem\",\"position\":2,\"name\":\"Condiciones generales\"}]},{\"@type\":\"WebSite\",\"@id\":\"https:\/\/abracor.be\/#website\",\"url\":\"https:\/\/abracor.be\/\",\"name\":\"Abracor\",\"description\":\"\",\"potentialAction\":[{\"@type\":\"SearchAction\",\"target\":{\"@type\":\"EntryPoint\",\"urlTemplate\":\"https:\/\/abracor.be\/?s={search_term_string}\"},\"query-input\":{\"@type\":\"PropertyValueSpecification\",\"valueRequired\":true,\"valueName\":\"search_term_string\"}}],\"inLanguage\":\"es\"}]}<\/script>\n<!-- \/ Yoast SEO plugin. -->","yoast_head_json":{"title":"Condiciones generales - Abracor","robots":{"index":"index","follow":"follow","max-snippet":"max-snippet:-1","max-image-preview":"max-image-preview:large","max-video-preview":"max-video-preview:-1"},"canonical":"https:\/\/abracor.be\/es\/condiciones-generales\/","og_locale":"es_ES","og_type":"article","og_title":"Condiciones generales - Abracor","og_description":"1 &#8211; Presupuestos Todos nuestros presupuestos son actuales y vinculantes para nosotros s\u00f3lo dentro de los estrictos l\u00edmites de nuestras condiciones especiales. Los cambios en los salarios, las cargas, el coste de las materias primas, el transporte, los precios, los derechos de importaci\u00f3n, los seguros que, desde la fecha del presupuesto hasta el final de [&hellip;]","og_url":"https:\/\/abracor.be\/es\/condiciones-generales\/","og_site_name":"Abracor","article_modified_time":"2025-06-27T09:18:22+00:00","twitter_card":"summary_large_image","twitter_misc":{"Tiempo de lectura":"3 minuto"},"schema":{"@context":"https:\/\/schema.org","@graph":[{"@type":"WebPage","@id":"https:\/\/abracor.be\/es\/condiciones-generales\/","url":"https:\/\/abracor.be\/es\/condiciones-generales\/","name":"Condiciones generales - Abracor","isPartOf":{"@id":"https:\/\/abracor.be\/#website"},"datePublished":"2023-09-19T14:02:26+00:00","dateModified":"2025-06-27T09:18:22+00:00","breadcrumb":{"@id":"https:\/\/abracor.be\/es\/condiciones-generales\/#breadcrumb"},"inLanguage":"es","potentialAction":[{"@type":"ReadAction","target":["https:\/\/abracor.be\/es\/condiciones-generales\/"]}]},{"@type":"BreadcrumbList","@id":"https:\/\/abracor.be\/es\/condiciones-generales\/#breadcrumb","itemListElement":[{"@type":"ListItem","position":1,"name":"Inicio","item":"https:\/\/abracor.be\/es\/"},{"@type":"ListItem","position":2,"name":"Condiciones generales"}]},{"@type":"WebSite","@id":"https:\/\/abracor.be\/#website","url":"https:\/\/abracor.be\/","name":"Abracor","description":"","potentialAction":[{"@type":"SearchAction","target":{"@type":"EntryPoint","urlTemplate":"https:\/\/abracor.be\/?s={search_term_string}"},"query-input":{"@type":"PropertyValueSpecification","valueRequired":true,"valueName":"search_term_string"}}],"inLanguage":"es"}]}},"_links":{"self":[{"href":"https:\/\/abracor.be\/es\/wp-json\/wp\/v2\/pages\/544","targetHints":{"allow":["GET"]}}],"collection":[{"href":"https:\/\/abracor.be\/es\/wp-json\/wp\/v2\/pages"}],"about":[{"href":"https:\/\/abracor.be\/es\/wp-json\/wp\/v2\/types\/page"}],"author":[{"embeddable":true,"href":"https:\/\/abracor.be\/es\/wp-json\/wp\/v2\/users\/1"}],"replies":[{"embeddable":true,"href":"https:\/\/abracor.be\/es\/wp-json\/wp\/v2\/comments?post=544"}],"version-history":[{"count":2,"href":"https:\/\/abracor.be\/es\/wp-json\/wp\/v2\/pages\/544\/revisions"}],"predecessor-version":[{"id":3777,"href":"https:\/\/abracor.be\/es\/wp-json\/wp\/v2\/pages\/544\/revisions\/3777"}],"wp:attachment":[{"href":"https:\/\/abracor.be\/es\/wp-json\/wp\/v2\/media?parent=544"}],"wp:term":[{"taxonomy":"category","embeddable":true,"href":"https:\/\/abracor.be\/es\/wp-json\/wp\/v2\/categories?post=544"}],"curies":[{"name":"wp","href":"https:\/\/api.w.org\/{rel}","templated":true}]}}